{"id":209,"date":"2025-10-26T12:31:41","date_gmt":"2025-10-26T12:31:41","guid":{"rendered":"https:\/\/fishlandz.com\/index.php\/healthnomic-home\/"},"modified":"2025-10-26T13:31:02","modified_gmt":"2025-10-26T13:31:02","slug":"healthnomic-home","status":"publish","type":"page","link":"https:\/\/fishlandz.com\/","title":{"rendered":"Healthnomic Home"},"content":{"rendered":"\t\t<div data-elementor-type=\"wp-page\" data-elementor-id=\"209\" class=\"elementor elementor-209\">\n\t\t\t\t\t\t<section class=\"elementor-section elementor-top-section elementor-element elementor-element-60ae712 elementor-section-full_width elementor-section-height-default elementor-section-height-default\" data-id=\"60ae712\" data-element_type=\"section\" data-settings=\"{&quot;background_background&quot;:&quot;classic&quot;}\">\n\t\t\t\t\t\t<div class=\"elementor-container elementor-column-gap-default\">\n\t\t\t\t\t<div class=\"elementor-column elementor-col-100 elementor-top-column elementor-element elementor-element-8420978\" data-id=\"8420978\" data-element_type=\"column\">\n\t\t\t<div class=\"elementor-widget-wrap elementor-element-populated\">\n\t\t\t\t\t\t<section class=\"elementor-section elementor-inner-section elementor-element elementor-element-7b6cc40 elementor-section-boxed elementor-section-height-default elementor-section-height-default\" data-id=\"7b6cc40\" data-element_type=\"section\">\n\t\t\t\t\t\t<div class=\"elementor-container elementor-column-gap-default\">\n\t\t\t\t\t<div class=\"elementor-column elementor-col-100 elementor-inner-column elementor-element elementor-element-b3576d2\" data-id=\"b3576d2\" data-element_type=\"column\">\n\t\t\t<div class=\"elementor-widget-wrap elementor-element-populated\">\n\t\t\t\t\t\t<div class=\"elementor-element elementor-element-e57c841 elementor-widget elementor-widget-heading\" data-id=\"e57c841\" data-element_type=\"widget\" data-widget_type=\"heading.default\">\n\t\t\t\t\t<h1 class=\"elementor-heading-title elementor-size-default\">Une mer, une passion,<br>un savoir-faire<br>durable<br><\/h1>\t\t\t\t<\/div>\n\t\t\t\t\t<\/div>\n\t\t<\/div>\n\t\t\t\t\t<\/div>\n\t\t<\/section>\n\t\t\t\t\t<\/div>\n\t\t<\/div>\n\t\t\t\t\t<\/div>\n\t\t<\/section>\n\t\t\t\t<section class=\"elementor-section elementor-top-section elementor-element elementor-element-65157b1 elementor-section-boxed elementor-section-height-default elementor-section-height-default\" data-id=\"65157b1\" data-element_type=\"section\" data-settings=\"{&quot;background_background&quot;:&quot;classic&quot;}\">\n\t\t\t\t\t\t<div class=\"elementor-container elementor-column-gap-default\">\n\t\t\t\t\t<div class=\"elementor-column elementor-col-100 elementor-top-column elementor-element elementor-element-9d73e7a\" data-id=\"9d73e7a\" data-element_type=\"column\">\n\t\t\t<div class=\"elementor-widget-wrap\">\n\t\t\t\t\t\t\t<\/div>\n\t\t<\/div>\n\t\t\t\t\t<\/div>\n\t\t<\/section>\n\t\t\t\t<section class=\"elementor-section elementor-top-section elementor-element elementor-element-439e57e elementor-section-boxed elementor-section-height-default elementor-section-height-default\" data-id=\"439e57e\" data-element_type=\"section\" data-settings=\"{&quot;background_background&quot;:&quot;classic&quot;}\">\n\t\t\t\t\t\t<div class=\"elementor-container elementor-column-gap-default\">\n\t\t\t\t\t<div class=\"elementor-column elementor-col-100 elementor-top-column elementor-element elementor-element-6e05afc\" data-id=\"6e05afc\" data-element_type=\"column\">\n\t\t\t<div class=\"elementor-widget-wrap elementor-element-populated\">\n\t\t\t\t\t\t<section class=\"elementor-section elementor-inner-section elementor-element elementor-element-558e6f4 elementor-section-boxed elementor-section-height-default elementor-section-height-default\" data-id=\"558e6f4\" data-element_type=\"section\">\n\t\t\t\t\t\t<div class=\"elementor-container elementor-column-gap-default\">\n\t\t\t\t\t<div class=\"elementor-column elementor-col-100 elementor-inner-column elementor-element elementor-element-77fe969\" data-id=\"77fe969\" data-element_type=\"column\">\n\t\t\t<div class=\"elementor-widget-wrap elementor-element-populated\">\n\t\t\t\t\t\t<div class=\"elementor-element elementor-element-7a6c940 elementor-widget elementor-widget-heading\" data-id=\"7a6c940\" data-element_type=\"widget\" data-widget_type=\"heading.default\">\n\t\t\t\t\t<h2 class=\"elementor-heading-title elementor-size-default\">Nourrir demain,<br>\nen respectant la mer<br>\nd\u2019aujourd\u2019hui.<\/h2>\t\t\t\t<\/div>\n\t\t\t\t\t<\/div>\n\t\t<\/div>\n\t\t\t\t\t<\/div>\n\t\t<\/section>\n\t\t\t\t<section class=\"elementor-section elementor-inner-section elementor-element elementor-element-ad4a6bd elementor-section-boxed elementor-section-height-default elementor-section-height-default\" data-id=\"ad4a6bd\" data-element_type=\"section\">\n\t\t\t\t\t\t<div class=\"elementor-container elementor-column-gap-default\">\n\t\t\t\t\t<div class=\"elementor-column elementor-col-100 elementor-inner-column elementor-element elementor-element-8db919e animated-slow\" data-id=\"8db919e\" data-element_type=\"column\" data-settings=\"{&quot;animation&quot;:&quot;none&quot;}\">\n\t\t\t<div class=\"elementor-widget-wrap elementor-element-populated\">\n\t\t\t\t\t\t<div class=\"elementor-element elementor-element-a2d8d14 animated-slow elementor-invisible elementor-widget elementor-widget-image\" data-id=\"a2d8d14\" data-element_type=\"widget\" data-settings=\"{&quot;_animation&quot;:&quot;fadeIn&quot;}\" data-widget_type=\"image.default\">\n\t\t\t\t\t\t\t\t\t\t\t\t\t\t\t<img fetchpriority=\"high\" decoding=\"async\" width=\"1024\" height=\"1024\" src=\"https:\/\/fishlandz.com\/wp-content\/uploads\/2025\/10\/dorade.png\" class=\"attachment-full size-full wp-image-285\" alt=\"\" srcset=\"https:\/\/fishlandz.com\/wp-content\/uploads\/2025\/10\/dorade.png 1024w, https:\/\/fishlandz.com\/wp-content\/uploads\/2025\/10\/dorade-300x300.png 300w, https:\/\/fishlandz.com\/wp-content\/uploads\/2025\/10\/dorade-150x150.png 150w, https:\/\/fishlandz.com\/wp-content\/uploads\/2025\/10\/dorade-768x768.png 768w, https:\/\/fishlandz.com\/wp-content\/uploads\/2025\/10\/dorade-100x100.png 100w, https:\/\/fishlandz.com\/wp-content\/uploads\/2025\/10\/dorade-200x200.png 200w, https:\/\/fishlandz.com\/wp-content\/uploads\/2025\/10\/dorade-400x400.png 400w, https:\/\/fishlandz.com\/wp-content\/uploads\/2025\/10\/dorade-500x500.png 500w, https:\/\/fishlandz.com\/wp-content\/uploads\/2025\/10\/dorade-600x600.png 600w\" sizes=\"(max-width: 1024px) 100vw, 1024px\" \/>\t\t\t\t\t\t\t\t\t\t\t\t\t\t\t<\/div>\n\t\t\t\t\t<\/div>\n\t\t<\/div>\n\t\t\t\t\t<\/div>\n\t\t<\/section>\n\t\t\t\t<section class=\"elementor-section elementor-inner-section elementor-element elementor-element-54afbcc elementor-reverse-mobile elementor-section-boxed elementor-section-height-default elementor-section-height-default\" data-id=\"54afbcc\" data-element_type=\"section\">\n\t\t\t\t\t\t<div class=\"elementor-container elementor-column-gap-default\">\n\t\t\t\t\t<div class=\"elementor-column elementor-col-100 elementor-inner-column elementor-element elementor-element-3e205d4\" data-id=\"3e205d4\" data-element_type=\"column\">\n\t\t\t<div class=\"elementor-widget-wrap elementor-element-populated\">\n\t\t\t\t\t\t<div class=\"elementor-element elementor-element-1222bab elementor-widget elementor-widget-heading\" data-id=\"1222bab\" data-element_type=\"widget\" data-widget_type=\"heading.default\">\n\t\t\t\t\t<p class=\"elementor-heading-title elementor-size-default\">Implant\u00e9e sur la c\u00f4te m\u00e9diterran\u00e9enne alg\u00e9rienne, \u00e0 Zemmouri, Fish Land est une entreprise aquacole sp\u00e9cialis\u00e9e dans l\u2019\u00e9levage durable de dorades et de loups de mer.<br>\nForte d\u2019un savoir-faire ma\u00eetris\u00e9 et d\u2019un profond respect de l\u2019environnement marin, notre soci\u00e9t\u00e9 s\u2019engage \u00e0 produire des poissons de qualit\u00e9 sup\u00e9rieure, \u00e9lev\u00e9s dans des conditions optimales. Notre site de production s\u2019\u00e9tend sur une concession maritime de 30 hectares, dans une zone abrit\u00e9e, b\u00e9n\u00e9ficiant d\u2019une autorisation officielle et d\u2019un suivi rigoureux.<br>\nGr\u00e2ce \u00e0 des partenariats techniques avec ADAQ (Italie) et Moreno (Su\u00e8de\/Espagne), nous int\u00e9grons les meilleures pratiques europ\u00e9ennes en mati\u00e8re d\u2019aquaculture. Nos infrastructures modernes incluent un catamaran professionnel, plusieurs bateaux de service, et des cages flottantes de derni\u00e8re g\u00e9n\u00e9ration.<br>\nChez Fish Land, chaque poisson est le fruit d\u2019un engagement : qualit\u00e9, tra\u00e7abilit\u00e9, respect du vivant.<\/p>\t\t\t\t<\/div>\n\t\t\t\t\t<\/div>\n\t\t<\/div>\n\t\t\t\t\t<\/div>\n\t\t<\/section>\n\t\t\t\t<section class=\"elementor-section elementor-inner-section elementor-element elementor-element-a316b05 elementor-section-boxed elementor-section-height-default elementor-section-height-default\" data-id=\"a316b05\" data-element_type=\"section\">\n\t\t\t\t\t\t<div class=\"elementor-container elementor-column-gap-default\">\n\t\t\t\t\t<div class=\"elementor-column elementor-col-100 elementor-inner-column elementor-element elementor-element-35ad41c animated-slow\" data-id=\"35ad41c\" data-element_type=\"column\" data-settings=\"{&quot;animation&quot;:&quot;none&quot;}\">\n\t\t\t<div class=\"elementor-widget-wrap elementor-element-populated\">\n\t\t\t\t\t\t<div class=\"elementor-element elementor-element-b6e45c4 animated-slow elementor-invisible elementor-widget elementor-widget-image\" data-id=\"b6e45c4\" data-element_type=\"widget\" data-settings=\"{&quot;_animation&quot;:&quot;fadeIn&quot;}\" data-widget_type=\"image.default\">\n\t\t\t\t\t\t\t\t\t\t\t\t\t\t\t<img decoding=\"async\" width=\"1024\" height=\"1024\" src=\"https:\/\/fishlandz.com\/wp-content\/uploads\/2025\/10\/bar.png\" class=\"attachment-full size-full wp-image-286\" alt=\"\" srcset=\"https:\/\/fishlandz.com\/wp-content\/uploads\/2025\/10\/bar.png 1024w, https:\/\/fishlandz.com\/wp-content\/uploads\/2025\/10\/bar-300x300.png 300w, https:\/\/fishlandz.com\/wp-content\/uploads\/2025\/10\/bar-150x150.png 150w, https:\/\/fishlandz.com\/wp-content\/uploads\/2025\/10\/bar-768x768.png 768w, https:\/\/fishlandz.com\/wp-content\/uploads\/2025\/10\/bar-100x100.png 100w, https:\/\/fishlandz.com\/wp-content\/uploads\/2025\/10\/bar-200x200.png 200w, https:\/\/fishlandz.com\/wp-content\/uploads\/2025\/10\/bar-400x400.png 400w, https:\/\/fishlandz.com\/wp-content\/uploads\/2025\/10\/bar-500x500.png 500w, https:\/\/fishlandz.com\/wp-content\/uploads\/2025\/10\/bar-600x600.png 600w\" sizes=\"(max-width: 1024px) 100vw, 1024px\" \/>\t\t\t\t\t\t\t\t\t\t\t\t\t\t\t<\/div>\n\t\t\t\t\t<\/div>\n\t\t<\/div>\n\t\t\t\t\t<\/div>\n\t\t<\/section>\n\t\t\t\t\t<\/div>\n\t\t<\/div>\n\t\t\t\t\t<\/div>\n\t\t<\/section>\n\t\t\t\t<section class=\"elementor-section elementor-top-section elementor-element elementor-element-c49a73f elementor-section-boxed elementor-section-height-default elementor-section-height-default\" data-id=\"c49a73f\" data-element_type=\"section\" data-settings=\"{&quot;background_background&quot;:&quot;classic&quot;}\">\n\t\t\t\t\t\t<div class=\"elementor-container elementor-column-gap-default\">\n\t\t\t\t\t<div class=\"elementor-column elementor-col-100 elementor-top-column elementor-element elementor-element-f49d30c\" data-id=\"f49d30c\" data-element_type=\"column\">\n\t\t\t<div class=\"elementor-widget-wrap elementor-element-populated\">\n\t\t\t\t\t\t<section class=\"elementor-section elementor-inner-section elementor-element elementor-element-9c9c965 elementor-reverse-mobile elementor-section-boxed elementor-section-height-default elementor-section-height-default\" data-id=\"9c9c965\" data-element_type=\"section\">\n\t\t\t\t\t\t<div class=\"elementor-container elementor-column-gap-default\">\n\t\t\t\t\t<div class=\"elementor-column elementor-col-100 elementor-inner-column elementor-element elementor-element-6fc4a23\" data-id=\"6fc4a23\" data-element_type=\"column\">\n\t\t\t<div class=\"elementor-widget-wrap elementor-element-populated\">\n\t\t\t\t\t\t<div class=\"elementor-element elementor-element-b376f10 elementor-widget elementor-widget-heading\" data-id=\"b376f10\" data-element_type=\"widget\" data-widget_type=\"heading.default\">\n\t\t\t\t\t<h2 class=\"elementor-heading-title elementor-size-default\">notre entreprise<\/h2>\t\t\t\t<\/div>\n\t\t\t\t<div class=\"elementor-element elementor-element-4504d36 elementor-widget elementor-widget-heading\" data-id=\"4504d36\" data-element_type=\"widget\" data-widget_type=\"heading.default\">\n\t\t\t\t\t<p class=\"elementor-heading-title elementor-size-default\">Fish Land est n\u00e9e de la volont\u00e9 de valoriser les richesses naturelles de la M\u00e9diterran\u00e9e tout en adoptant une approche responsable et innovante de l\u2019aquaculture.<br>Situ\u00e9e \u00e0 Zemmouri, sur la c\u00f4te centre-est de l\u2019Alg\u00e9rie, notre ferme marine b\u00e9n\u00e9ficie d\u2019un site prot\u00e9g\u00e9, id\u00e9al pour le d\u00e9veloppement harmonieux des esp\u00e8ces. Avec une concession de 30 hectares, nous avons mis en place une infrastructure moderne, conforme aux normes environnementales et sanitaires en vigueur. Nos partenaires europ\u00e9ens, reconnus pour leur expertise, nous accompagnent dans l\u2019optimisation des cycles d\u2019\u00e9levage, la s\u00e9lection des alevins et le suivi nutritionnel. Notre flotte, compos\u00e9e d\u2019un catamaran polyvalent et de plusieurs embarcations techniques, garantit une gestion efficace et s\u00e9curis\u00e9e du site.<\/p>\t\t\t\t<\/div>\n\t\t\t\t\t<\/div>\n\t\t<\/div>\n\t\t\t\t\t<\/div>\n\t\t<\/section>\n\t\t\t\t\t<\/div>\n\t\t<\/div>\n\t\t\t\t\t<\/div>\n\t\t<\/section>\n\t\t\t\t<section class=\"elementor-section elementor-top-section elementor-element elementor-element-2bc11ac elementor-section-boxed elementor-section-height-default elementor-section-height-default\" data-id=\"2bc11ac\" data-element_type=\"section\" data-settings=\"{&quot;background_background&quot;:&quot;classic&quot;}\">\n\t\t\t\t\t\t<div class=\"elementor-container elementor-column-gap-default\">\n\t\t\t\t\t<div class=\"elementor-column elementor-col-100 elementor-top-column elementor-element elementor-element-71060a2\" data-id=\"71060a2\" data-element_type=\"column\">\n\t\t\t<div class=\"elementor-widget-wrap elementor-element-populated\">\n\t\t\t\t\t\t<section class=\"elementor-section elementor-inner-section elementor-element elementor-element-486d91b elementor-reverse-mobile elementor-section-boxed elementor-section-height-default elementor-section-height-default\" data-id=\"486d91b\" data-element_type=\"section\">\n\t\t\t\t\t\t<div class=\"elementor-container elementor-column-gap-default\">\n\t\t\t\t\t<div class=\"elementor-column elementor-col-100 elementor-inner-column elementor-element elementor-element-a8409da\" data-id=\"a8409da\" data-element_type=\"column\">\n\t\t\t<div class=\"elementor-widget-wrap elementor-element-populated\">\n\t\t\t\t\t\t<div class=\"elementor-element elementor-element-96d6dce elementor-widget elementor-widget-heading\" data-id=\"96d6dce\" data-element_type=\"widget\" data-widget_type=\"heading.default\">\n\t\t\t\t\t<h2 class=\"elementor-heading-title elementor-size-default\">nos poissons<\/h2>\t\t\t\t<\/div>\n\t\t\t\t<div class=\"elementor-element elementor-element-1875404 elementor-widget elementor-widget-heading\" data-id=\"1875404\" data-element_type=\"widget\" data-widget_type=\"heading.default\">\n\t\t\t\t\t<p class=\"elementor-heading-title elementor-size-default\">Dorade royale &amp; Loup de mer : l\u2019excellence m\u00e9diterran\u00e9enne<br>\nChez Fish Land, nous \u00e9levons deux esp\u00e8ces embl\u00e9matiques de la M\u00e9diterran\u00e9e : la dorade royale (Sparus aurata), le loup de mer (Dicentrarchus labrax)<br>\nNos poissons sont issus d\u2019alevins naturels, nourris avec une alimentation riche en graisses saines et en prot\u00e9ines marines, sans OGM. L\u2019\u00e9levage est enti\u00e8rement contr\u00f4l\u00e9, dans des conditions proches de leur habitat naturel, garantissant une chair ferme, savoureuse et riche en om\u00e9ga-3. Chaque poisson est suivi avec rigueur, de l\u2019alevin jusqu\u2019\u00e0 la r\u00e9colte, pour assurer une tra\u00e7abilit\u00e9 compl\u00e8te et une qualit\u00e9 constante.<\/p>\t\t\t\t<\/div>\n\t\t\t\t\t<\/div>\n\t\t<\/div>\n\t\t\t\t\t<\/div>\n\t\t<\/section>\n\t\t\t\t\t<\/div>\n\t\t<\/div>\n\t\t\t\t\t<\/div>\n\t\t<\/section>\n\t\t\t\t<\/div>\n\t\t","protected":false},"excerpt":{"rendered":"<p>Une mer, une passion,un savoir-fairedurable Nourrir demain, en respectant la mer d\u2019aujourd\u2019hui. Implant\u00e9e sur la c\u00f4te m\u00e9diterran\u00e9enne alg\u00e9rienne, \u00e0 Zemmouri, Fish Land est une entreprise aquacole sp\u00e9cialis\u00e9e dans l\u2019\u00e9levage durable de dorades et de loups de mer. Forte d\u2019un savoir-faire ma\u00eetris\u00e9 et d\u2019un profond respect de l\u2019environnement marin, notre soci\u00e9t\u00e9 s\u2019engage \u00e0 produire des poissons [&hellip;]<\/p>\n","protected":false},"author":1,"featured_media":0,"parent":0,"menu_order":0,"comment_status":"closed","ping_status":"closed","template":"elementor_header_footer","meta":{"_eb_attr":"","footnotes":""},"class_list":["post-209","page","type-page","status-publish","hentry"],"_links":{"self":[{"href":"https:\/\/fishlandz.com\/index.php\/wp-json\/wp\/v2\/pages\/209","targetHints":{"allow":["GET"]}}],"collection":[{"href":"https:\/\/fishlandz.com\/index.php\/wp-json\/wp\/v2\/pages"}],"about":[{"href":"https:\/\/fishlandz.com\/index.php\/wp-json\/wp\/v2\/types\/page"}],"author":[{"embeddable":true,"href":"https:\/\/fishlandz.com\/index.php\/wp-json\/wp\/v2\/users\/1"}],"replies":[{"embeddable":true,"href":"https:\/\/fishlandz.com\/index.php\/wp-json\/wp\/v2\/comments?post=209"}],"version-history":[{"count":82,"href":"https:\/\/fishlandz.com\/index.php\/wp-json\/wp\/v2\/pages\/209\/revisions"}],"predecessor-version":[{"id":355,"href":"https:\/\/fishlandz.com\/index.php\/wp-json\/wp\/v2\/pages\/209\/revisions\/355"}],"wp:attachment":[{"href":"https:\/\/fishlandz.com\/index.php\/wp-json\/wp\/v2\/media?parent=209"}],"curies":[{"name":"wp","href":"https:\/\/api.w.org\/{rel}","templated":true}]}}